{"id":83,"date":"2015-07-21T12:56:22","date_gmt":"2015-07-21T12:56:22","guid":{"rendered":"http:\/\/gpsinvest.rs\/?page_id=83"},"modified":"2020-12-24T17:20:10","modified_gmt":"2020-12-24T17:20:10","slug":"kontakt","status":"publish","type":"page","link":"https:\/\/gpsinvest.rs\/?page_id=83","title":{"rendered":"Kontakt"},"content":{"rendered":"<div>\n<p>&nbsp;<\/p>\n<p>Ukoliko \u017eelite da nas kontaktirate to mo\u017eete u\u010diniti putem telefona :<\/p>\n<ul>\n<li>026-4100169 \u2013 Sedi\u0161te firme<\/li>\n<li>063\/84-81-349 \u2013 Direktor Goran Petrovi\u0107<\/li>\n<\/ul>\n<p><span style=\"font-size: inherit;\">Tako\u0111e, mo\u017eete nas kontaktirati i putem mail-a:<strong> gpsinvestdoo@gmail.com<\/strong><\/span><\/p>\n<\/div>\n<div>\n<p>Mo\u017eete da nas posetite&nbsp; u na\u0161im prostorijama koje se nalaze na adresi&nbsp; Sin\u0111eli\u0107eva 2, lokal broj 2, Smederevo.<\/p>\n<p>Ovde nas mo\u017eete prona\u0107i:<\/p>\n<div id=\"wpgmza_map\" class=\"wpgmza_map\" data-settings='{\"id\":\"1\",\"map_title\":\"My first map\",\"map_width\":\"100\",\"map_height\":\"400\",\"map_start_lat\":\"44.661224\",\"map_start_lng\":\"20.932542\",\"map_start_location\":\"44.66122441943196,20.932541653961284\",\"map_start_zoom\":\"16\",\"default_marker\":\"0\",\"type\":\"1\",\"alignment\":\"1\",\"directions_enabled\":\"1\",\"styling_enabled\":\"0\",\"styling_json\":\"\",\"active\":\"0\",\"kml\":\"\",\"bicycle\":\"0\",\"traffic\":\"0\",\"dbox\":\"1\",\"dbox_width\":\"250\",\"listmarkers\":\"0\",\"listmarkers_advanced\":\"0\",\"filterbycat\":\"0\",\"ugm_enabled\":\"0\",\"ugm_category_enabled\":\"0\",\"fusion\":\"\",\"map_width_type\":\"\\\\%\",\"map_height_type\":\"px\",\"mass_marker_support\":\"1\",\"ugm_access\":\"0\",\"order_markers_by\":\"1\",\"order_markers_choice\":\"2\",\"show_user_location\":\"0\",\"default_to\":\"\",\"other_settings\":{\"store_locator_enabled\":2,\"store_locator_distance\":2,\"store_locator_bounce\":1,\"store_locator_query_string\":\"ZIP \\\/ Address:\",\"wpgmza_store_locator_restrict\":\"\",\"map_max_zoom\":\"1\",\"transport_layer\":0}}' data-map-id='1' Data-maps-engine='' data-shortcode-attributes='{\"id\":\"1\"}' style=\"display:block; overflow:auto; width:100%; height:400px; float:left;\"><\/div>\n<\/div>\n","protected":false},"excerpt":{"rendered":"<p>&nbsp; Ukoliko \u017eelite da nas kontaktirate to mo\u017eete u\u010diniti putem telefona : 026-4100169 \u2013 Sedi\u0161te firme 063\/84-81-349 \u2013 Direktor Goran Petrovi\u0107 Tako\u0111e, mo\u017eete nas kontaktirati i putem mail-a: gpsinvestdoo@gmail.com Mo\u017eete da nas posetite&nbsp; u na\u0161im prostorijama koje se nalaze na adresi&nbsp; Sin\u0111eli\u0107eva 2, lokal broj 2, Smederevo. Ovde nas mo\u017eete prona\u0107i:<\/p>\n","protected":false},"author":1,"featured_media":0,"parent":0,"menu_order":0,"comment_status":"closed","ping_status":"closed","template":"template-fullwidth.php","meta":{"ngg_post_thumbnail":0},"_links":{"self":[{"href":"https:\/\/gpsinvest.rs\/index.php?rest_route=\/wp\/v2\/pages\/83"}],"collection":[{"href":"https:\/\/gpsinvest.rs\/index.php?rest_route=\/wp\/v2\/pages"}],"about":[{"href":"https:\/\/gpsinvest.rs\/index.php?rest_route=\/wp\/v2\/types\/page"}],"author":[{"embeddable":true,"href":"https:\/\/gpsinvest.rs\/index.php?rest_route=\/wp\/v2\/users\/1"}],"replies":[{"embeddable":true,"href":"https:\/\/gpsinvest.rs\/index.php?rest_route=%2Fwp%2Fv2%2Fcomments&post=83"}],"version-history":[{"count":12,"href":"https:\/\/gpsinvest.rs\/index.php?rest_route=\/wp\/v2\/pages\/83\/revisions"}],"predecessor-version":[{"id":855,"href":"https:\/\/gpsinvest.rs\/index.php?rest_route=\/wp\/v2\/pages\/83\/revisions\/855"}],"wp:attachment":[{"href":"https:\/\/gpsinvest.rs\/index.php?rest_route=%2Fwp%2Fv2%2Fmedia&parent=83"}],"curies":[{"name":"wp","href":"https:\/\/api.w.org\/{rel}","templated":true}]}}