{"id":7,"date":"2015-07-21T12:09:46","date_gmt":"2015-07-21T12:09:46","guid":{"rendered":"http:\/\/gpsinvest.rs\/?page_id=7"},"modified":"2021-04-01T18:14:56","modified_gmt":"2021-04-01T18:14:56","slug":"o-nama","status":"publish","type":"page","link":"https:\/\/gpsinvest.rs\/?page_id=7","title":{"rendered":"O nama"},"content":{"rendered":"<p>GPS Invest d.o.o  je privredno dru\u0161tvo za izvo\u0111enje gra\u0111evinskih radova u oblasti visokogradnje i niskogradnje kao i industrijskih i stambenih objekata. Goran Petrovi\u0107 posle 20 godina iskustva u gra\u0111evinskoj firmi Hipex d.o.o kao suvlasnik direktno u\u010destvuje u izgradnji industrijskih, verskih i stambenih objekata, a od 2012. godine nastupa samostalno kao vlasnik i osniva\u010d gra\u0111evinske firme GPS Invest  d.o.o  gde \u0107e samostalno nastupati na tr\u017ei\u0161tu i svoje dvadesetogodi\u0161nje iskustvo preneti u daljem radu kao iskusan operativac visokogradnje i niskogradnje.<\/p>\n<p><b>Va\u0161e je da po\u017eelite, a na\u0161e je da Va\u0161e \u017eelje pretvorimo u stvarnost!<\/b><\/p>\n<p>Gra\u0111evinsko preduze\u0107e GPS Invest  d.o.o  je od osnivanja uradilo vi\u0161e stambeno-poslovnih, industrijskih i sportsko-rekreativnih objekata. Pored ovoga kompanija se bavi i iznajmljivanjem gradjevinske opreme i pru\u017eanjem usluga u oblasti gra\u0111evinarstva. Na\u0161u ponudu mo\u017eete pogledati na ovom <a href=\"https:\/\/www.gradjevinskaoprema.rs\">linku<\/a>.<\/p>\n","protected":false},"excerpt":{"rendered":"<p>GPS Invest d.o.o je privredno dru\u0161tvo za izvo\u0111enje gra\u0111evinskih radova u oblasti visokogradnje i niskogradnje kao i industrijskih i stambenih objekata. Goran Petrovi\u0107 posle 20 godina iskustva u gra\u0111evinskoj firmi Hipex d.o.o kao suvlasnik direktno u\u010destvuje u izgradnji industrijskih, verskih i stambenih objekata, a od 2012. godine nastupa samostalno kao vlasnik i osniva\u010d gra\u0111evinske firme<a href=\"https:\/\/gpsinvest.rs\/?page_id=7\">[&#8230;]<\/a><\/p>\n","protected":false},"author":1,"featured_media":0,"parent":0,"menu_order":0,"comment_status":"closed","ping_status":"closed","template":"template-fullwidth.php","meta":{"ngg_post_thumbnail":0},"_links":{"self":[{"href":"https:\/\/gpsinvest.rs\/index.php?rest_route=\/wp\/v2\/pages\/7"}],"collection":[{"href":"https:\/\/gpsinvest.rs\/index.php?rest_route=\/wp\/v2\/pages"}],"about":[{"href":"https:\/\/gpsinvest.rs\/index.php?rest_route=\/wp\/v2\/types\/page"}],"author":[{"embeddable":true,"href":"https:\/\/gpsinvest.rs\/index.php?rest_route=\/wp\/v2\/users\/1"}],"replies":[{"embeddable":true,"href":"https:\/\/gpsinvest.rs\/index.php?rest_route=%2Fwp%2Fv2%2Fcomments&post=7"}],"version-history":[{"count":5,"href":"https:\/\/gpsinvest.rs\/index.php?rest_route=\/wp\/v2\/pages\/7\/revisions"}],"predecessor-version":[{"id":914,"href":"https:\/\/gpsinvest.rs\/index.php?rest_route=\/wp\/v2\/pages\/7\/revisions\/914"}],"wp:attachment":[{"href":"https:\/\/gpsinvest.rs\/index.php?rest_route=%2Fwp%2Fv2%2Fmedia&parent=7"}],"curies":[{"name":"wp","href":"https:\/\/api.w.org\/{rel}","templated":true}]}}